{"id":1151,"date":"2025-06-26T18:45:18","date_gmt":"2025-06-26T16:45:18","guid":{"rendered":"https:\/\/rrmediadors.com\/politica-de-privadesa\/"},"modified":"2025-07-21T20:59:30","modified_gmt":"2025-07-21T18:59:30","slug":"politica-de-privacitat","status":"publish","type":"page","link":"https:\/\/rrmediadors.com\/ca\/politica-de-privacitat\/","title":{"rendered":"Pol\u00edtica de Privacitat"},"content":{"rendered":"<style>.elementor-1151 .elementor-element.elementor-element-71731f6f{--display:flex;--margin-top:32px;--margin-bottom:0px;--margin-left:0px;--margin-right:0px;}.elementor-widget-heading .elementor-heading-title{font-family:var( --e-global-typography-primary-font-family ), Sans-serif;font-size:var( --e-global-typography-primary-font-size );font-weight:var( --e-global-typography-primary-font-weight );}.elementor-1151 .elementor-element.elementor-element-7fdd2e63 .elementor-heading-title{font-family:\"Lato\", Sans-serif;font-size:42px;font-weight:300;line-height:1.2em;word-spacing:0.1em;color:#D32E12;}.elementor-1151 .elementor-element.elementor-element-7fdd2e63 > .elementor-widget-container{margin:0px 0px 0px 0px;padding:0px 200px 0px 200px;}.elementor-1151 .elementor-element.elementor-element-7fdd2e63{width:var( --container-widget-width, 100% );max-width:100%;--container-widget-width:100%;--container-widget-flex-grow:0;}.elementor-1151 .elementor-element.elementor-element-726817a0{--display:flex;}.elementor-widget-text-editor{font-family:var( --e-global-typography-text-font-family ), Sans-serif;font-size:var( --e-global-typography-text-font-size );font-weight:var( --e-global-typography-text-font-weight );line-height:var( --e-global-typography-text-line-height );}.elementor-1151 .elementor-element.elementor-element-def0426{color:#3F3F3F;}.elementor-1151 .elementor-element.elementor-element-def0426 > .elementor-widget-container{padding:0px 200px 24px 200px;}@media(max-width:1024px){.elementor-widget-heading .elementor-heading-title{font-size:var( --e-global-typography-primary-font-size );}.elementor-1151 .elementor-element.elementor-element-7fdd2e63 .elementor-heading-title{font-size:32px;line-height:1.3em;}.elementor-1151 .elementor-element.elementor-element-7fdd2e63 > .elementor-widget-container{margin:0px 0px 0px 0px;padding:0% 0% 0% 0%;}.elementor-1151 .elementor-element.elementor-element-7fdd2e63{width:var( --container-widget-width, 670px );max-width:670px;--container-widget-width:670px;--container-widget-flex-grow:0;}.elementor-widget-text-editor{font-size:var( --e-global-typography-text-font-size );line-height:var( --e-global-typography-text-line-height );}.elementor-1151 .elementor-element.elementor-element-def0426 > .elementor-widget-container{padding:0px 0px 16px 0px;}}@media(max-width:767px){.elementor-widget-heading .elementor-heading-title{font-size:var( --e-global-typography-primary-font-size );}.elementor-1151 .elementor-element.elementor-element-7fdd2e63 .elementor-heading-title{font-size:28px;}.elementor-1151 .elementor-element.elementor-element-7fdd2e63{--container-widget-width:100%;--container-widget-flex-grow:0;width:var( --container-widget-width, 100% );max-width:100%;}.elementor-widget-text-editor{font-size:var( --e-global-typography-text-font-size );line-height:var( --e-global-typography-text-line-height );}}\/* Start custom CSS for heading, class: .elementor-element-7fdd2e63 *\/.a-letra-h2 {\n  color: ; \/* Cambia el color de la letra *\/\n  font-size: 1.4em; \/* Cambia el tama\u00f1o de la letra *\/\n  font-weight: 500; \/* A\u00f1ade un grosor de fuente muy grueso *\/\n  margin-right: 5px; \/* A\u00f1ade un espacio a la derecha de la letra *\/\n    margin-right: -0.01em;\n\n}\/* End custom CSS *\/<\/style>\t\t<div data-elementor-type=\"wp-page\" data-elementor-id=\"1151\" class=\"elementor elementor-1151 elementor-241\" data-elementor-post-type=\"page\">\n\t\t\t\t<div class=\"elementor-element elementor-element-71731f6f e-flex e-con-boxed e-con e-parent\" data-id=\"71731f6f\" data-element_type=\"container\" data-e-type=\"container\" data-settings=\"{&quot;profecient_background_motion_effects_toggle&quot;:0,&quot;profecient_parallax_effects_toggle&quot;:0,&quot;profecient_mouse_effects_toggle&quot;:0}\">\n\t\t\t\t\t<div class=\"e-con-inner\">\n\t\t\t\t<div class=\"elementor-element elementor-element-7fdd2e63 elementor-widget-tablet__width-initial a-letra-h2 elementor-widget__width-initial elementor-invisible elementor-widget elementor-widget-heading\" data-id=\"7fdd2e63\" data-element_type=\"widget\" data-e-type=\"widget\" data-settings=\"{&quot;_animation&quot;:&quot;fadeInUp&quot;,&quot;_animation_delay&quot;:150,&quot;profecient_parallax_effects_toggle&quot;:0,&quot;profecient_mouse_effects_toggle&quot;:0}\" data-widget_type=\"heading.default\">\n\t\t\t\t<div class=\"elementor-widget-container\">\n\t\t\t\t\t<h1 class=\"elementor-heading-title elementor-size-default\"><p>\n  Pol\u00edtica de Privacitat\n<\/p><\/h1>\t\t\t\t<\/div>\n\t\t\t\t<\/div>\n\t\t\t\t\t<\/div>\n\t\t\t\t<\/div>\n\t\t<div class=\"elementor-element elementor-element-726817a0 e-flex e-con-boxed e-con e-parent\" data-id=\"726817a0\" data-element_type=\"container\" data-e-type=\"container\" data-settings=\"{&quot;profecient_background_motion_effects_toggle&quot;:0,&quot;profecient_parallax_effects_toggle&quot;:0,&quot;profecient_mouse_effects_toggle&quot;:0}\">\n\t\t\t\t\t<div class=\"e-con-inner\">\n\t\t\t\t<div class=\"elementor-element elementor-element-def0426 elementor-widget elementor-widget-text-editor\" data-id=\"def0426\" data-element_type=\"widget\" data-e-type=\"widget\" data-settings=\"{&quot;profecient_parallax_effects_toggle&quot;:0,&quot;profecient_mouse_effects_toggle&quot;:0}\" data-widget_type=\"text-editor.default\">\n\t\t\t\t<div class=\"elementor-widget-container\">\n\t\t\t\t\t\t\t\t\t<p>D&#8217;acord amb la normativa vigent andorrana, principalment la nova Llei 29\/2021, de 28 d&#8217;octubre, qualificada de protecci\u00f3 de dades personals (LQPD), i el Decret 391\/2022, de 28-9-2022, d&#8217;aprovaci\u00f3 del Reglament d&#8217;aplicaci\u00f3 de la Llei 29\/2021, RR MEDIADORS INTERNACIONALS, S.L. us informa que les vostres dades de car\u00e0cter personal, recollides a trav\u00e9s del present, seran tractades pel Responsable del Tractament, les dades del qual s\u00f3n:<\/p>\n<p><strong>RR MEDIADORS INTERNACIONALS, S.L.<\/strong><br><strong>NRT: L-715693-K<\/strong><br><strong>Crta. del Coll d&#8217;Ordino n. 79 \u00b7 AD300 \u00b7 Ordino \u00b7 Andorra<\/strong><br><strong>Ed. Mirador de Casamanya \u00b7 Bloc 2 \u00b7 Esc. A \u00b7 Pl. -3 \u00b7 Pt. 5<\/strong><br><strong>Tel. (+376) 632 646 \u00b7 (+376) 622 646 \u00b7 Fax (+376) 863 443<\/strong><br><strong>E-mail: info@RRmediadors.com<\/strong><\/p>\n<p>Les vostres dades personals seran tractades per tal de gestionar la nostra relaci\u00f3 i prestar-li els nostres serveis professionals, els usos dels quals seran: la gesti\u00f3 administrativa, facturaci\u00f3, comptabilitat, estad\u00edstiques, fidelitzaci\u00f3 i satisfacci\u00f3 amb els nostres serveis. Ens podrem posar en contacte amb vost\u00e9 a trav\u00e9s de correu electr\u00f2nic o via telef\u00f2nica, a ra\u00f3 de les dades que ens ha facilitat.<\/p>\n<p>La base jur\u00eddica legitimadora del tractament de les vostres dades personals es fonamenta en la nostra relaci\u00f3 per la prestaci\u00f3 dels nostres serveis, i el seu consentiment expr\u00e9s atorgat a trav\u00e9s de l&#8217;acceptaci\u00f3 de la present cl\u00e0usula.<\/p>\n<p>El Responsable us informa que el tractament de les dades no comporta decisions automatitzades, ni l&#8217;elaboraci\u00f3 de perfils amb fins predictius de prefer\u00e8ncies personals, comportaments o actituds.<\/p>\n<p>Les vostres dades no seran cedides a altres responsables, nacionals i\/o internacionals, a excepci\u00f3 dels casos en qu\u00e8 hi hagi una obligaci\u00f3 legal de fer-ho. En cas que necessitem cedir les vostres dades, demanarem el vostre consentiment expl\u00edcit.<\/p>\n<p>Les vostres dades seran conservades el temps que estigui vigent la nostra relaci\u00f3. Transcorreguts els terminis m\u00e0xims de conservaci\u00f3 establerts legalment, les dades seran suprimides.<\/p>\n<p>En qualsevol cas, es poden exercir els drets d&#8217;acc\u00e9s, rectificaci\u00f3, oposici\u00f3, supressi\u00f3, limitaci\u00f3 i portabilitat, aix\u00ed com la seva decisi\u00f3 a no ser objecte de decisions individuals automatitzades, posant-se en contacte amb el responsable del tractament a trav\u00e9s del correu electr\u00f2nic: info@RRmediadors.com<\/p>\n<p>Aix\u00ed mateix, en cas de no poder exercir els seus drets davant del Responsable del Tractament, teniu dret a dirigir la vostra reclamaci\u00f3 a l&#8217;Ag\u00e8ncia de Protecci\u00f3 de Dades Andorrana (APDA).<\/p>\t\t\t\t\t\t\t\t<\/div>\n\t\t\t\t<\/div>\n\t\t\t\t\t<\/div>\n\t\t\t\t<\/div>\n\t\t\t\t<\/div>\n\t\t","protected":false},"excerpt":{"rendered":"<p>Pol\u00edtica de Privacitat D&#8217;acord amb la normativa vigent andorrana, principalment la nova Llei 29\/2021, de 28 d&#8217;octubre, qualificada de protecci\u00f3 de dades personals (LQPD), i el Decret 391\/2022, de 28-9-2022, d&#8217;aprovaci\u00f3 del Reglament d&#8217;aplicaci\u00f3 de la Llei 29\/2021, RR MEDIADORS INTERNACIONALS, S.L. us informa que les vostres dades de car\u00e0cter personal, recollides a trav\u00e9s del [&hellip;]<\/p>\n","protected":false},"author":3,"featured_media":0,"parent":0,"menu_order":0,"comment_status":"closed","ping_status":"closed","template":"elementor_header_footer","meta":{"footnotes":""},"class_list":["post-1151","page","type-page","status-publish","hentry"],"yoast_head":"<!-- This site is optimized with the Yoast SEO plugin v27.2 - https:\/\/yoast.com\/product\/yoast-seo-wordpress\/ -->\n<title>Pol\u00edtica de Privacitat - RR MEDIADORS INTERNACIONALS<\/title>\n<meta name=\"robots\" content=\"index, follow, max-snippet:-1, max-image-preview:large, max-video-preview:-1\" \/>\n<link rel=\"canonical\" href=\"https:\/\/rrmediadors.com\/ca\/politica-de-privacitat\/\" \/>\n<meta property=\"og:locale\" content=\"ca_ES\" \/>\n<meta property=\"og:type\" content=\"article\" \/>\n<meta property=\"og:title\" content=\"Pol\u00edtica de Privacitat - RR MEDIADORS INTERNACIONALS\" \/>\n<meta property=\"og:description\" content=\"Pol\u00edtica de Privacitat D&#8217;acord amb la normativa vigent andorrana, principalment la nova Llei 29\/2021, de 28 d&#8217;octubre, qualificada de protecci\u00f3 de dades personals (LQPD), i el Decret 391\/2022, de 28-9-2022, d&#8217;aprovaci\u00f3 del Reglament d&#8217;aplicaci\u00f3 de la Llei 29\/2021, RR MEDIADORS INTERNACIONALS, S.L. us informa que les vostres dades de car\u00e0cter personal, recollides a trav\u00e9s del [&hellip;]\" \/>\n<meta property=\"og:url\" content=\"https:\/\/rrmediadors.com\/ca\/politica-de-privacitat\/\" \/>\n<meta property=\"og:site_name\" content=\"RR MEDIADORS INTERNACIONALS\" \/>\n<meta property=\"article:modified_time\" content=\"2025-07-21T18:59:30+00:00\" \/>\n<meta property=\"og:image\" content=\"https:\/\/rrmediadors.com\/wp-content\/uploads\/2025\/06\/WhatsApp-Image-2025-03-26-at-22.41.17.jpeg\" \/>\n\t<meta property=\"og:image:width\" content=\"1380\" \/>\n\t<meta property=\"og:image:height\" content=\"552\" \/>\n\t<meta property=\"og:image:type\" content=\"image\/jpeg\" \/>\n<meta name=\"twitter:card\" content=\"summary_large_image\" \/>\n<meta name=\"twitter:label1\" content=\"Temps estimat de lectura\" \/>\n\t<meta name=\"twitter:data1\" content=\"3 minut\" \/>\n<script type=\"application\/ld+json\" class=\"yoast-schema-graph\">{\"@context\":\"https:\/\/schema.org\",\"@graph\":[{\"@type\":\"WebPage\",\"@id\":\"https:\/\/rrmediadors.com\/ca\/politica-de-privacitat\/\",\"url\":\"https:\/\/rrmediadors.com\/ca\/politica-de-privacitat\/\",\"name\":\"Pol\u00edtica de Privacitat - RR MEDIADORS INTERNACIONALS\",\"isPartOf\":{\"@id\":\"https:\/\/rrmediadors.com\/ca\/#website\"},\"datePublished\":\"2025-06-26T16:45:18+00:00\",\"dateModified\":\"2025-07-21T18:59:30+00:00\",\"breadcrumb\":{\"@id\":\"https:\/\/rrmediadors.com\/ca\/politica-de-privacitat\/#breadcrumb\"},\"inLanguage\":\"ca\",\"potentialAction\":[{\"@type\":\"ReadAction\",\"target\":[\"https:\/\/rrmediadors.com\/ca\/politica-de-privacitat\/\"]}]},{\"@type\":\"BreadcrumbList\",\"@id\":\"https:\/\/rrmediadors.com\/ca\/politica-de-privacitat\/#breadcrumb\",\"itemListElement\":[{\"@type\":\"ListItem\",\"position\":1,\"name\":\"Portada\",\"item\":\"https:\/\/rrmediadors.com\/ca\/\"},{\"@type\":\"ListItem\",\"position\":2,\"name\":\"Pol\u00edtica de Privacitat\"}]},{\"@type\":\"WebSite\",\"@id\":\"https:\/\/rrmediadors.com\/ca\/#website\",\"url\":\"https:\/\/rrmediadors.com\/ca\/\",\"name\":\"RR MEDIADORS INTERNACIONALS\",\"description\":\"\u00c1rbitros \u00b7 Mediadores \u00b7 Conciliadores \u00b7 Peritos \u00b7 Gestores\",\"publisher\":{\"@id\":\"https:\/\/rrmediadors.com\/ca\/#organization\"},\"potentialAction\":[{\"@type\":\"SearchAction\",\"target\":{\"@type\":\"EntryPoint\",\"urlTemplate\":\"https:\/\/rrmediadors.com\/ca\/?s={search_term_string}\"},\"query-input\":{\"@type\":\"PropertyValueSpecification\",\"valueRequired\":true,\"valueName\":\"search_term_string\"}}],\"inLanguage\":\"ca\"},{\"@type\":\"Organization\",\"@id\":\"https:\/\/rrmediadors.com\/ca\/#organization\",\"name\":\"RR MEDIADORS INTERNACIONALS\",\"url\":\"https:\/\/rrmediadors.com\/ca\/\",\"logo\":{\"@type\":\"ImageObject\",\"inLanguage\":\"ca\",\"@id\":\"https:\/\/rrmediadors.com\/ca\/#\/schema\/logo\/image\/\",\"url\":\"https:\/\/rrmediadors.com\/wp-content\/uploads\/2025\/06\/logo-rr-mediadiors-internacionals-1.png\",\"contentUrl\":\"https:\/\/rrmediadors.com\/wp-content\/uploads\/2025\/06\/logo-rr-mediadiors-internacionals-1.png\",\"width\":1010,\"height\":275,\"caption\":\"RR MEDIADORS INTERNACIONALS\"},\"image\":{\"@id\":\"https:\/\/rrmediadors.com\/ca\/#\/schema\/logo\/image\/\"}}]}<\/script>\n<!-- \/ Yoast SEO plugin. -->","yoast_head_json":{"title":"Pol\u00edtica de Privacitat - RR MEDIADORS INTERNACIONALS","robots":{"index":"index","follow":"follow","max-snippet":"max-snippet:-1","max-image-preview":"max-image-preview:large","max-video-preview":"max-video-preview:-1"},"canonical":"https:\/\/rrmediadors.com\/ca\/politica-de-privacitat\/","og_locale":"ca_ES","og_type":"article","og_title":"Pol\u00edtica de Privacitat - RR MEDIADORS INTERNACIONALS","og_description":"Pol\u00edtica de Privacitat D&#8217;acord amb la normativa vigent andorrana, principalment la nova Llei 29\/2021, de 28 d&#8217;octubre, qualificada de protecci\u00f3 de dades personals (LQPD), i el Decret 391\/2022, de 28-9-2022, d&#8217;aprovaci\u00f3 del Reglament d&#8217;aplicaci\u00f3 de la Llei 29\/2021, RR MEDIADORS INTERNACIONALS, S.L. us informa que les vostres dades de car\u00e0cter personal, recollides a trav\u00e9s del [&hellip;]","og_url":"https:\/\/rrmediadors.com\/ca\/politica-de-privacitat\/","og_site_name":"RR MEDIADORS INTERNACIONALS","article_modified_time":"2025-07-21T18:59:30+00:00","og_image":[{"width":1380,"height":552,"url":"https:\/\/rrmediadors.com\/wp-content\/uploads\/2025\/06\/WhatsApp-Image-2025-03-26-at-22.41.17.jpeg","type":"image\/jpeg"}],"twitter_card":"summary_large_image","twitter_misc":{"Temps estimat de lectura":"3 minut"},"schema":{"@context":"https:\/\/schema.org","@graph":[{"@type":"WebPage","@id":"https:\/\/rrmediadors.com\/ca\/politica-de-privacitat\/","url":"https:\/\/rrmediadors.com\/ca\/politica-de-privacitat\/","name":"Pol\u00edtica de Privacitat - RR MEDIADORS INTERNACIONALS","isPartOf":{"@id":"https:\/\/rrmediadors.com\/ca\/#website"},"datePublished":"2025-06-26T16:45:18+00:00","dateModified":"2025-07-21T18:59:30+00:00","breadcrumb":{"@id":"https:\/\/rrmediadors.com\/ca\/politica-de-privacitat\/#breadcrumb"},"inLanguage":"ca","potentialAction":[{"@type":"ReadAction","target":["https:\/\/rrmediadors.com\/ca\/politica-de-privacitat\/"]}]},{"@type":"BreadcrumbList","@id":"https:\/\/rrmediadors.com\/ca\/politica-de-privacitat\/#breadcrumb","itemListElement":[{"@type":"ListItem","position":1,"name":"Portada","item":"https:\/\/rrmediadors.com\/ca\/"},{"@type":"ListItem","position":2,"name":"Pol\u00edtica de Privacitat"}]},{"@type":"WebSite","@id":"https:\/\/rrmediadors.com\/ca\/#website","url":"https:\/\/rrmediadors.com\/ca\/","name":"RR MEDIADORS INTERNACIONALS","description":"\u00c1rbitros \u00b7 Mediadores \u00b7 Conciliadores \u00b7 Peritos \u00b7 Gestores","publisher":{"@id":"https:\/\/rrmediadors.com\/ca\/#organization"},"potentialAction":[{"@type":"SearchAction","target":{"@type":"EntryPoint","urlTemplate":"https:\/\/rrmediadors.com\/ca\/?s={search_term_string}"},"query-input":{"@type":"PropertyValueSpecification","valueRequired":true,"valueName":"search_term_string"}}],"inLanguage":"ca"},{"@type":"Organization","@id":"https:\/\/rrmediadors.com\/ca\/#organization","name":"RR MEDIADORS INTERNACIONALS","url":"https:\/\/rrmediadors.com\/ca\/","logo":{"@type":"ImageObject","inLanguage":"ca","@id":"https:\/\/rrmediadors.com\/ca\/#\/schema\/logo\/image\/","url":"https:\/\/rrmediadors.com\/wp-content\/uploads\/2025\/06\/logo-rr-mediadiors-internacionals-1.png","contentUrl":"https:\/\/rrmediadors.com\/wp-content\/uploads\/2025\/06\/logo-rr-mediadiors-internacionals-1.png","width":1010,"height":275,"caption":"RR MEDIADORS INTERNACIONALS"},"image":{"@id":"https:\/\/rrmediadors.com\/ca\/#\/schema\/logo\/image\/"}}]}},"_links":{"self":[{"href":"https:\/\/rrmediadors.com\/ca\/wp-json\/wp\/v2\/pages\/1151","targetHints":{"allow":["GET"]}}],"collection":[{"href":"https:\/\/rrmediadors.com\/ca\/wp-json\/wp\/v2\/pages"}],"about":[{"href":"https:\/\/rrmediadors.com\/ca\/wp-json\/wp\/v2\/types\/page"}],"author":[{"embeddable":true,"href":"https:\/\/rrmediadors.com\/ca\/wp-json\/wp\/v2\/users\/3"}],"replies":[{"embeddable":true,"href":"https:\/\/rrmediadors.com\/ca\/wp-json\/wp\/v2\/comments?post=1151"}],"version-history":[{"count":0,"href":"https:\/\/rrmediadors.com\/ca\/wp-json\/wp\/v2\/pages\/1151\/revisions"}],"wp:attachment":[{"href":"https:\/\/rrmediadors.com\/ca\/wp-json\/wp\/v2\/media?parent=1151"}],"curies":[{"name":"wp","href":"https:\/\/api.w.org\/{rel}","templated":true}]}}