{"id":1226,"date":"2025-06-26T17:15:52","date_gmt":"2025-06-26T15:15:52","guid":{"rendered":"https:\/\/rrmediadors.com\/avis-legal\/"},"modified":"2025-07-21T20:58:39","modified_gmt":"2025-07-21T18:58:39","slug":"avis-legal","status":"publish","type":"page","link":"https:\/\/rrmediadors.com\/ca\/avis-legal\/","title":{"rendered":"Av\u00eds Legal"},"content":{"rendered":"<style>.elementor-1226 .elementor-element.elementor-element-4c8d9976{--display:flex;--margin-top:32px;--margin-bottom:0px;--margin-left:0px;--margin-right:0px;}.elementor-widget-heading .elementor-heading-title{font-family:var( --e-global-typography-primary-font-family ), Sans-serif;font-size:var( --e-global-typography-primary-font-size );font-weight:var( --e-global-typography-primary-font-weight );}.elementor-1226 .elementor-element.elementor-element-1aebc990 .elementor-heading-title{font-family:\"Lato\", Sans-serif;font-size:42px;font-weight:300;line-height:1.2em;word-spacing:0.3em;color:#D32E12;}.elementor-1226 .elementor-element.elementor-element-1aebc990 > .elementor-widget-container{margin:0px 0px 0px 0px;padding:0px 200px 0px 200px;}.elementor-1226 .elementor-element.elementor-element-1aebc990{width:var( --container-widget-width, 100% );max-width:100%;--container-widget-width:100%;--container-widget-flex-grow:0;}.elementor-1226 .elementor-element.elementor-element-4e513a6c{--display:flex;}.elementor-widget-text-editor{font-family:var( --e-global-typography-text-font-family ), Sans-serif;font-size:var( --e-global-typography-text-font-size );font-weight:var( --e-global-typography-text-font-weight );line-height:var( --e-global-typography-text-line-height );}.elementor-1226 .elementor-element.elementor-element-26777e26{color:#3F3F3F;}.elementor-1226 .elementor-element.elementor-element-26777e26 > .elementor-widget-container{padding:0px 200px 24px 200px;}@media(max-width:1024px){.elementor-widget-heading .elementor-heading-title{font-size:var( --e-global-typography-primary-font-size );}.elementor-1226 .elementor-element.elementor-element-1aebc990 .elementor-heading-title{font-size:32px;line-height:1.3em;}.elementor-1226 .elementor-element.elementor-element-1aebc990 > .elementor-widget-container{margin:0px 0px 0px 0px;padding:0% 0% 0% 0%;}.elementor-1226 .elementor-element.elementor-element-1aebc990{width:var( --container-widget-width, 670px );max-width:670px;--container-widget-width:670px;--container-widget-flex-grow:0;}.elementor-widget-text-editor{font-size:var( --e-global-typography-text-font-size );line-height:var( --e-global-typography-text-line-height );}.elementor-1226 .elementor-element.elementor-element-26777e26 > .elementor-widget-container{padding:0px 0px 16px 0px;}}@media(max-width:767px){.elementor-widget-heading .elementor-heading-title{font-size:var( --e-global-typography-primary-font-size );}.elementor-1226 .elementor-element.elementor-element-1aebc990 .elementor-heading-title{font-size:28px;}.elementor-1226 .elementor-element.elementor-element-1aebc990{--container-widget-width:100%;--container-widget-flex-grow:0;width:var( --container-widget-width, 100% );max-width:100%;}.elementor-widget-text-editor{font-size:var( --e-global-typography-text-font-size );line-height:var( --e-global-typography-text-line-height );}}\/* Start custom CSS for heading, class: .elementor-element-1aebc990 *\/.a-letra-h2 {\n  color: ; \/* Cambia el color de la letra *\/\n  font-size: 1.4em; \/* Cambia el tama\u00f1o de la letra *\/\n  font-weight: 500; \/* A\u00f1ade un grosor de fuente muy grueso *\/\n  margin-right: 5px; \/* A\u00f1ade un espacio a la derecha de la letra *\/\n    margin-right: -0.01em;\n\n}\/* End custom CSS *\/<\/style>\t\t<div data-elementor-type=\"wp-page\" data-elementor-id=\"1226\" class=\"elementor elementor-1226 elementor-233\" data-elementor-post-type=\"page\">\n\t\t\t\t<div class=\"elementor-element elementor-element-4c8d9976 e-flex e-con-boxed e-con e-parent\" data-id=\"4c8d9976\" data-element_type=\"container\" data-e-type=\"container\" data-settings=\"{&quot;profecient_background_motion_effects_toggle&quot;:0,&quot;profecient_parallax_effects_toggle&quot;:0,&quot;profecient_mouse_effects_toggle&quot;:0}\">\n\t\t\t\t\t<div class=\"e-con-inner\">\n\t\t\t\t<div class=\"elementor-element elementor-element-1aebc990 elementor-widget-tablet__width-initial a-letra-h2 elementor-widget__width-initial elementor-invisible elementor-widget elementor-widget-heading\" data-id=\"1aebc990\" data-element_type=\"widget\" data-e-type=\"widget\" data-settings=\"{&quot;_animation&quot;:&quot;fadeInUp&quot;,&quot;_animation_delay&quot;:150,&quot;profecient_parallax_effects_toggle&quot;:0,&quot;profecient_mouse_effects_toggle&quot;:0}\" data-widget_type=\"heading.default\">\n\t\t\t\t<div class=\"elementor-widget-container\">\n\t\t\t\t\t<h1 class=\"elementor-heading-title elementor-size-default\"><p>\n  Av\u00eds Legal\n<\/p><\/h1>\t\t\t\t<\/div>\n\t\t\t\t<\/div>\n\t\t\t\t\t<\/div>\n\t\t\t\t<\/div>\n\t\t<div class=\"elementor-element elementor-element-4e513a6c e-flex e-con-boxed e-con e-parent\" data-id=\"4e513a6c\" data-element_type=\"container\" data-e-type=\"container\" data-settings=\"{&quot;profecient_background_motion_effects_toggle&quot;:0,&quot;profecient_parallax_effects_toggle&quot;:0,&quot;profecient_mouse_effects_toggle&quot;:0}\">\n\t\t\t\t\t<div class=\"e-con-inner\">\n\t\t\t\t<div class=\"elementor-element elementor-element-26777e26 elementor-widget elementor-widget-text-editor\" data-id=\"26777e26\" data-element_type=\"widget\" data-e-type=\"widget\" data-settings=\"{&quot;profecient_parallax_effects_toggle&quot;:0,&quot;profecient_mouse_effects_toggle&quot;:0}\" data-widget_type=\"text-editor.default\">\n\t\t\t\t<div class=\"elementor-widget-container\">\n\t\t\t\t\t\t\t\t\t<p><strong>Protecci\u00f3 de dades personals<\/strong><\/p>\n<p>En aquest lloc web no es recull cap dada personal sense el consentiment del client. Les dades personals que el client facilita no se cedeixen ni es venen a tercers. Les dades que se sol\u00b7liciten s\u00f3n estrictament necess\u00e0ries i imprescindibles per poder proporcionar una resposta o prestar un servei al client.<\/p>\n<p class=\"ds-markdown-paragraph\"><strong>Drets de l&#8217;Usuari<\/strong><\/p>\n<p class=\"ds-markdown-paragraph\">Les dades personals recollides en aquesta web es tractaran \u00fanicament i exclusiva amb la finalitat descrita a la secci\u00f3 de Protecci\u00f3 de Dades Personals i no s&#8217;utilitzaran per a cap altre prop\u00f2sit. En qualsevol moment, els usuaris poden exercir els drets d&#8217;acc\u00e9s, oposici\u00f3, rectificaci\u00f3 i supressi\u00f3 de les dades de car\u00e0cter personal. Aquests drets es poden exercir davant del responsable del tractament de les dades, mitjan\u00e7ant una sol\u00b7licitud per carta o correu electr\u00f2nic a l&#8217;adre\u00e7a social de l&#8217;empresa:<\/p>\n<p class=\"ds-markdown-paragraph\"><strong>RR MEDIADORS INTERNACIONALS, S.L.<\/strong><br><strong>NRT: L-715693-K<\/strong><br><strong>Crta. del Coll d&#8217;Ordino n. 79 \u00b7 AD300 \u00b7 Ordino \u00b7 Andorra<\/strong><br><strong>Ed. Mirador de Casamanya \u00b7 Bloc 2 \u00b7 Esc. A \u00b7 Pl. -3 \u00b7 Pt. 5<\/strong><br><strong>Tel. (+376) 632 646 \u00b7 (+376) 622 646 \u00b7 Fax (+376) 863 443<\/strong><br><strong>E-mail: info@RRmediadors.com<\/strong><\/p>\n<p class=\"ds-markdown-paragraph\">RR MEDIADORS INTERNACIONALS, S.L. es reserva el dret en tot moment de modificar les dades de la p\u00e0gina web mitjan\u00e7ant l&#8217;actualitzaci\u00f3 de la mateixa. RR MEDIADORS INTERNACIONALS, S.L. no podr\u00e0 ser considerada responsable per qualsevol dany, directament o indirecta, que resulti d&#8217;alguna informaci\u00f3 de continguts a la web. L&#8217;usuari es compromet a no utilitzar en aquesta p\u00e0gina web informaci\u00f3 que pugui comportar responsabilitat civil o penal, i es compromet, aix\u00ed mateix, a no difondre a trav\u00e9s de la p\u00e0gina web informaci\u00f3 il\u00b7legal, contr\u00e0ria a l&#8217;ordre p\u00fablic o difamat\u00f2ria.<\/p>\n<p class=\"ds-markdown-paragraph\"><strong>Legislaci\u00f3 aplicable i Jurisdicci\u00f3<\/strong><\/p>\n<p class=\"ds-markdown-paragraph\">Els Termes i Condicions es regiran per la legislaci\u00f3 andorrana.<\/p>\n<p class=\"ds-markdown-paragraph\">En cas de reclamaci\u00f3 entre les dues parts, els usuaris d&#8217;aquest lloc web se sotmeten a la jurisdicci\u00f3 andorrana i als Tribunals del Principat d&#8217;Andorra, amb ren\u00fancia expressa a qualsevol altre fur que, d&#8217;acord amb el dret, els pogu\u00e9s correspondre.<\/p>\n<p class=\"ds-markdown-paragraph\">L&#8217;usuari s&#8217;obliga a fer un \u00fas correcte del Portal i els seus continguts de conformitat amb la Llei i aquest Av\u00eds Legal. L&#8217;usuari respondr\u00e0 davant de RR MEDIADORS INTERNACIONALS, S.L., de qualsevol dany i perjudici que pugui causar com a conseq\u00fc\u00e8ncia de l&#8217;incompliment d&#8217;aquesta obligaci\u00f3.<\/p>\n<p>Queda expressament prohibit l&#8217;\u00fas del Portal amb fins lesius cap als b\u00e9ns o interessos de RR MEDIADORS INTERNACIONALS, S.L. o que de qualsevol altra forma sobrecarreguin, danyin o inutilitzin les xarxes, servidors i altres equips inform\u00e0tics o productes i aplicacions inform\u00e0tiques de RR MEDIADORS INTERNACIONALS, S.L.<\/p>\n<p>Amb car\u00e0cter enunciatiu i de cap manera limitatiu, l&#8217;usuari, d&#8217;acord amb la legislaci\u00f3 vigent, haur\u00e0 d&#8217;abstenir-se de reproduir, copiar, distribuir, posar a disposici\u00f3, comunicar p\u00fablicament, transformar o modificar els continguts, excepte en els casos autoritzats a la llei o expressament consentits per RR MEDIADORS INTERNACIONALS, S.L.<\/p>\n<p>Tot el contingut que pugui ser descarregat del Portal de RR MEDIADORS INTERNACIONALS, S.L. \u00e9s per a \u00fas personal i no pot ser utilitzat per a altres fins, qualsevol que siguin, ni cedit a tercers.<\/p>\t\t\t\t\t\t\t\t<\/div>\n\t\t\t\t<\/div>\n\t\t\t\t\t<\/div>\n\t\t\t\t<\/div>\n\t\t\t\t<\/div>\n\t\t","protected":false},"excerpt":{"rendered":"<p>Av\u00eds Legal Protecci\u00f3 de dades personals En aquest lloc web no es recull cap dada personal sense el consentiment del client. Les dades personals que el client facilita no se cedeixen ni es venen a tercers. Les dades que se sol\u00b7liciten s\u00f3n estrictament necess\u00e0ries i imprescindibles per poder proporcionar una resposta o prestar un servei [&hellip;]<\/p>\n","protected":false},"author":3,"featured_media":0,"parent":0,"menu_order":0,"comment_status":"closed","ping_status":"closed","template":"elementor_header_footer","meta":{"footnotes":""},"class_list":["post-1226","page","type-page","status-publish","hentry"],"yoast_head":"<!-- This site is optimized with the Yoast SEO plugin v27.2 - https:\/\/yoast.com\/product\/yoast-seo-wordpress\/ -->\n<title>Av\u00eds Legal - RR MEDIADORS INTERNACIONALS<\/title>\n<meta name=\"robots\" content=\"index, follow, max-snippet:-1, max-image-preview:large, max-video-preview:-1\" \/>\n<link rel=\"canonical\" href=\"https:\/\/rrmediadors.com\/ca\/avis-legal\/\" \/>\n<meta property=\"og:locale\" content=\"ca_ES\" \/>\n<meta property=\"og:type\" content=\"article\" \/>\n<meta property=\"og:title\" content=\"Av\u00eds Legal - RR MEDIADORS INTERNACIONALS\" \/>\n<meta property=\"og:description\" content=\"Av\u00eds Legal Protecci\u00f3 de dades personals En aquest lloc web no es recull cap dada personal sense el consentiment del client. Les dades personals que el client facilita no se cedeixen ni es venen a tercers. Les dades que se sol\u00b7liciten s\u00f3n estrictament necess\u00e0ries i imprescindibles per poder proporcionar una resposta o prestar un servei [&hellip;]\" \/>\n<meta property=\"og:url\" content=\"https:\/\/rrmediadors.com\/ca\/avis-legal\/\" \/>\n<meta property=\"og:site_name\" content=\"RR MEDIADORS INTERNACIONALS\" \/>\n<meta property=\"article:modified_time\" content=\"2025-07-21T18:58:39+00:00\" \/>\n<meta property=\"og:image\" content=\"https:\/\/rrmediadors.com\/wp-content\/uploads\/2025\/06\/WhatsApp-Image-2025-03-26-at-22.41.17.jpeg\" \/>\n\t<meta property=\"og:image:width\" content=\"1380\" \/>\n\t<meta property=\"og:image:height\" content=\"552\" \/>\n\t<meta property=\"og:image:type\" content=\"image\/jpeg\" \/>\n<meta name=\"twitter:card\" content=\"summary_large_image\" \/>\n<meta name=\"twitter:label1\" content=\"Temps estimat de lectura\" \/>\n\t<meta name=\"twitter:data1\" content=\"3 minut\" \/>\n<script type=\"application\/ld+json\" class=\"yoast-schema-graph\">{\"@context\":\"https:\/\/schema.org\",\"@graph\":[{\"@type\":\"WebPage\",\"@id\":\"https:\/\/rrmediadors.com\/ca\/avis-legal\/\",\"url\":\"https:\/\/rrmediadors.com\/ca\/avis-legal\/\",\"name\":\"Av\u00eds Legal - RR MEDIADORS INTERNACIONALS\",\"isPartOf\":{\"@id\":\"https:\/\/rrmediadors.com\/ca\/#website\"},\"datePublished\":\"2025-06-26T15:15:52+00:00\",\"dateModified\":\"2025-07-21T18:58:39+00:00\",\"breadcrumb\":{\"@id\":\"https:\/\/rrmediadors.com\/ca\/avis-legal\/#breadcrumb\"},\"inLanguage\":\"ca\",\"potentialAction\":[{\"@type\":\"ReadAction\",\"target\":[\"https:\/\/rrmediadors.com\/ca\/avis-legal\/\"]}]},{\"@type\":\"BreadcrumbList\",\"@id\":\"https:\/\/rrmediadors.com\/ca\/avis-legal\/#breadcrumb\",\"itemListElement\":[{\"@type\":\"ListItem\",\"position\":1,\"name\":\"Portada\",\"item\":\"https:\/\/rrmediadors.com\/ca\/\"},{\"@type\":\"ListItem\",\"position\":2,\"name\":\"Av\u00eds Legal\"}]},{\"@type\":\"WebSite\",\"@id\":\"https:\/\/rrmediadors.com\/ca\/#website\",\"url\":\"https:\/\/rrmediadors.com\/ca\/\",\"name\":\"RR MEDIADORS INTERNACIONALS\",\"description\":\"\u00c1rbitros \u00b7 Mediadores \u00b7 Conciliadores \u00b7 Peritos \u00b7 Gestores\",\"publisher\":{\"@id\":\"https:\/\/rrmediadors.com\/ca\/#organization\"},\"potentialAction\":[{\"@type\":\"SearchAction\",\"target\":{\"@type\":\"EntryPoint\",\"urlTemplate\":\"https:\/\/rrmediadors.com\/ca\/?s={search_term_string}\"},\"query-input\":{\"@type\":\"PropertyValueSpecification\",\"valueRequired\":true,\"valueName\":\"search_term_string\"}}],\"inLanguage\":\"ca\"},{\"@type\":\"Organization\",\"@id\":\"https:\/\/rrmediadors.com\/ca\/#organization\",\"name\":\"RR MEDIADORS INTERNACIONALS\",\"url\":\"https:\/\/rrmediadors.com\/ca\/\",\"logo\":{\"@type\":\"ImageObject\",\"inLanguage\":\"ca\",\"@id\":\"https:\/\/rrmediadors.com\/ca\/#\/schema\/logo\/image\/\",\"url\":\"https:\/\/rrmediadors.com\/wp-content\/uploads\/2025\/06\/logo-rr-mediadiors-internacionals-1.png\",\"contentUrl\":\"https:\/\/rrmediadors.com\/wp-content\/uploads\/2025\/06\/logo-rr-mediadiors-internacionals-1.png\",\"width\":1010,\"height\":275,\"caption\":\"RR MEDIADORS INTERNACIONALS\"},\"image\":{\"@id\":\"https:\/\/rrmediadors.com\/ca\/#\/schema\/logo\/image\/\"}}]}<\/script>\n<!-- \/ Yoast SEO plugin. -->","yoast_head_json":{"title":"Av\u00eds Legal - RR MEDIADORS INTERNACIONALS","robots":{"index":"index","follow":"follow","max-snippet":"max-snippet:-1","max-image-preview":"max-image-preview:large","max-video-preview":"max-video-preview:-1"},"canonical":"https:\/\/rrmediadors.com\/ca\/avis-legal\/","og_locale":"ca_ES","og_type":"article","og_title":"Av\u00eds Legal - RR MEDIADORS INTERNACIONALS","og_description":"Av\u00eds Legal Protecci\u00f3 de dades personals En aquest lloc web no es recull cap dada personal sense el consentiment del client. Les dades personals que el client facilita no se cedeixen ni es venen a tercers. Les dades que se sol\u00b7liciten s\u00f3n estrictament necess\u00e0ries i imprescindibles per poder proporcionar una resposta o prestar un servei [&hellip;]","og_url":"https:\/\/rrmediadors.com\/ca\/avis-legal\/","og_site_name":"RR MEDIADORS INTERNACIONALS","article_modified_time":"2025-07-21T18:58:39+00:00","og_image":[{"width":1380,"height":552,"url":"https:\/\/rrmediadors.com\/wp-content\/uploads\/2025\/06\/WhatsApp-Image-2025-03-26-at-22.41.17.jpeg","type":"image\/jpeg"}],"twitter_card":"summary_large_image","twitter_misc":{"Temps estimat de lectura":"3 minut"},"schema":{"@context":"https:\/\/schema.org","@graph":[{"@type":"WebPage","@id":"https:\/\/rrmediadors.com\/ca\/avis-legal\/","url":"https:\/\/rrmediadors.com\/ca\/avis-legal\/","name":"Av\u00eds Legal - RR MEDIADORS INTERNACIONALS","isPartOf":{"@id":"https:\/\/rrmediadors.com\/ca\/#website"},"datePublished":"2025-06-26T15:15:52+00:00","dateModified":"2025-07-21T18:58:39+00:00","breadcrumb":{"@id":"https:\/\/rrmediadors.com\/ca\/avis-legal\/#breadcrumb"},"inLanguage":"ca","potentialAction":[{"@type":"ReadAction","target":["https:\/\/rrmediadors.com\/ca\/avis-legal\/"]}]},{"@type":"BreadcrumbList","@id":"https:\/\/rrmediadors.com\/ca\/avis-legal\/#breadcrumb","itemListElement":[{"@type":"ListItem","position":1,"name":"Portada","item":"https:\/\/rrmediadors.com\/ca\/"},{"@type":"ListItem","position":2,"name":"Av\u00eds Legal"}]},{"@type":"WebSite","@id":"https:\/\/rrmediadors.com\/ca\/#website","url":"https:\/\/rrmediadors.com\/ca\/","name":"RR MEDIADORS INTERNACIONALS","description":"\u00c1rbitros \u00b7 Mediadores \u00b7 Conciliadores \u00b7 Peritos \u00b7 Gestores","publisher":{"@id":"https:\/\/rrmediadors.com\/ca\/#organization"},"potentialAction":[{"@type":"SearchAction","target":{"@type":"EntryPoint","urlTemplate":"https:\/\/rrmediadors.com\/ca\/?s={search_term_string}"},"query-input":{"@type":"PropertyValueSpecification","valueRequired":true,"valueName":"search_term_string"}}],"inLanguage":"ca"},{"@type":"Organization","@id":"https:\/\/rrmediadors.com\/ca\/#organization","name":"RR MEDIADORS INTERNACIONALS","url":"https:\/\/rrmediadors.com\/ca\/","logo":{"@type":"ImageObject","inLanguage":"ca","@id":"https:\/\/rrmediadors.com\/ca\/#\/schema\/logo\/image\/","url":"https:\/\/rrmediadors.com\/wp-content\/uploads\/2025\/06\/logo-rr-mediadiors-internacionals-1.png","contentUrl":"https:\/\/rrmediadors.com\/wp-content\/uploads\/2025\/06\/logo-rr-mediadiors-internacionals-1.png","width":1010,"height":275,"caption":"RR MEDIADORS INTERNACIONALS"},"image":{"@id":"https:\/\/rrmediadors.com\/ca\/#\/schema\/logo\/image\/"}}]}},"_links":{"self":[{"href":"https:\/\/rrmediadors.com\/ca\/wp-json\/wp\/v2\/pages\/1226","targetHints":{"allow":["GET"]}}],"collection":[{"href":"https:\/\/rrmediadors.com\/ca\/wp-json\/wp\/v2\/pages"}],"about":[{"href":"https:\/\/rrmediadors.com\/ca\/wp-json\/wp\/v2\/types\/page"}],"author":[{"embeddable":true,"href":"https:\/\/rrmediadors.com\/ca\/wp-json\/wp\/v2\/users\/3"}],"replies":[{"embeddable":true,"href":"https:\/\/rrmediadors.com\/ca\/wp-json\/wp\/v2\/comments?post=1226"}],"version-history":[{"count":0,"href":"https:\/\/rrmediadors.com\/ca\/wp-json\/wp\/v2\/pages\/1226\/revisions"}],"wp:attachment":[{"href":"https:\/\/rrmediadors.com\/ca\/wp-json\/wp\/v2\/media?parent=1226"}],"curies":[{"name":"wp","href":"https:\/\/api.w.org\/{rel}","templated":true}]}}