{"id":6224,"date":"2025-06-26T18:45:18","date_gmt":"2025-06-26T16:45:18","guid":{"rendered":"https:\/\/rrmediadors.com\/politique-de-confidentialite\/"},"modified":"2025-07-23T17:01:34","modified_gmt":"2025-07-23T15:01:34","slug":"politique-de-confidentialite","status":"publish","type":"page","link":"https:\/\/rrmediadors.com\/fr\/politique-de-confidentialite\/","title":{"rendered":"Politique de Confidentialit\u00e9"},"content":{"rendered":"<style>.elementor-6224 .elementor-element.elementor-element-71731f6f{--display:flex;--margin-top:32px;--margin-bottom:0px;--margin-left:0px;--margin-right:0px;}.elementor-widget-heading .elementor-heading-title{font-family:var( --e-global-typography-primary-font-family ), Sans-serif;font-size:var( --e-global-typography-primary-font-size );font-weight:var( --e-global-typography-primary-font-weight );}.elementor-6224 .elementor-element.elementor-element-7fdd2e63 .elementor-heading-title{font-family:\"Lato\", Sans-serif;font-size:42px;font-weight:300;line-height:1.2em;word-spacing:0.1em;color:#D32E12;}.elementor-6224 .elementor-element.elementor-element-7fdd2e63 > .elementor-widget-container{margin:0px 0px 0px 0px;padding:0px 200px 0px 200px;}.elementor-6224 .elementor-element.elementor-element-7fdd2e63{width:var( --container-widget-width, 100% );max-width:100%;--container-widget-width:100%;--container-widget-flex-grow:0;}.elementor-6224 .elementor-element.elementor-element-726817a0{--display:flex;}.elementor-widget-text-editor{font-family:var( --e-global-typography-text-font-family ), Sans-serif;font-size:var( --e-global-typography-text-font-size );font-weight:var( --e-global-typography-text-font-weight );line-height:var( --e-global-typography-text-line-height );}.elementor-6224 .elementor-element.elementor-element-def0426{color:#3F3F3F;}.elementor-6224 .elementor-element.elementor-element-def0426 > .elementor-widget-container{padding:0px 200px 24px 200px;}@media(max-width:1024px){.elementor-widget-heading .elementor-heading-title{font-size:var( --e-global-typography-primary-font-size );}.elementor-6224 .elementor-element.elementor-element-7fdd2e63 .elementor-heading-title{font-size:32px;line-height:1.3em;}.elementor-6224 .elementor-element.elementor-element-7fdd2e63 > .elementor-widget-container{margin:0px 0px 0px 0px;padding:0% 0% 0% 0%;}.elementor-6224 .elementor-element.elementor-element-7fdd2e63{width:var( --container-widget-width, 670px );max-width:670px;--container-widget-width:670px;--container-widget-flex-grow:0;}.elementor-widget-text-editor{font-size:var( --e-global-typography-text-font-size );line-height:var( --e-global-typography-text-line-height );}.elementor-6224 .elementor-element.elementor-element-def0426 > .elementor-widget-container{padding:0px 0px 16px 0px;}}@media(max-width:767px){.elementor-widget-heading .elementor-heading-title{font-size:var( --e-global-typography-primary-font-size );}.elementor-6224 .elementor-element.elementor-element-7fdd2e63 .elementor-heading-title{font-size:28px;}.elementor-6224 .elementor-element.elementor-element-7fdd2e63{--container-widget-width:100%;--container-widget-flex-grow:0;width:var( --container-widget-width, 100% );max-width:100%;}.elementor-widget-text-editor{font-size:var( --e-global-typography-text-font-size );line-height:var( --e-global-typography-text-line-height );}}\/* Start custom CSS for heading, class: .elementor-element-7fdd2e63 *\/.a-letra-h2 {\n  color: ; \/* Cambia el color de la letra *\/\n  font-size: 1.4em; \/* Cambia el tama\u00f1o de la letra *\/\n  font-weight: 500; \/* A\u00f1ade un grosor de fuente muy grueso *\/\n  margin-right: 5px; \/* A\u00f1ade un espacio a la derecha de la letra *\/\n    margin-right: -0.01em;\n\n}\/* End custom CSS *\/<\/style>\t\t<div data-elementor-type=\"wp-page\" data-elementor-id=\"6224\" class=\"elementor elementor-6224 elementor-241\" data-elementor-post-type=\"page\">\n\t\t\t\t<div class=\"elementor-element elementor-element-71731f6f e-flex e-con-boxed e-con e-parent\" data-id=\"71731f6f\" data-element_type=\"container\" data-e-type=\"container\" data-settings=\"{&quot;profecient_background_motion_effects_toggle&quot;:0,&quot;profecient_parallax_effects_toggle&quot;:0,&quot;profecient_mouse_effects_toggle&quot;:0}\">\n\t\t\t\t\t<div class=\"e-con-inner\">\n\t\t\t\t<div class=\"elementor-element elementor-element-7fdd2e63 elementor-widget-tablet__width-initial a-letra-h2 elementor-widget__width-initial elementor-invisible elementor-widget elementor-widget-heading\" data-id=\"7fdd2e63\" data-element_type=\"widget\" data-e-type=\"widget\" data-settings=\"{&quot;_animation&quot;:&quot;fadeInUp&quot;,&quot;_animation_delay&quot;:150,&quot;profecient_parallax_effects_toggle&quot;:0,&quot;profecient_mouse_effects_toggle&quot;:0}\" data-widget_type=\"heading.default\">\n\t\t\t\t<div class=\"elementor-widget-container\">\n\t\t\t\t\t<h1 class=\"elementor-heading-title elementor-size-default\">Politique de Confidentialit\u00e9\n\n<\/h1>\t\t\t\t<\/div>\n\t\t\t\t<\/div>\n\t\t\t\t\t<\/div>\n\t\t\t\t<\/div>\n\t\t<div class=\"elementor-element elementor-element-726817a0 e-flex e-con-boxed e-con e-parent\" data-id=\"726817a0\" data-element_type=\"container\" data-e-type=\"container\" data-settings=\"{&quot;profecient_background_motion_effects_toggle&quot;:0,&quot;profecient_parallax_effects_toggle&quot;:0,&quot;profecient_mouse_effects_toggle&quot;:0}\">\n\t\t\t\t\t<div class=\"e-con-inner\">\n\t\t\t\t<div class=\"elementor-element elementor-element-def0426 elementor-widget elementor-widget-text-editor\" data-id=\"def0426\" data-element_type=\"widget\" data-e-type=\"widget\" data-settings=\"{&quot;profecient_parallax_effects_toggle&quot;:0,&quot;profecient_mouse_effects_toggle&quot;:0}\" data-widget_type=\"text-editor.default\">\n\t\t\t\t<div class=\"elementor-widget-container\">\n\t\t\t\t\t\t\t\t\t<p>Conform\u00e9ment \u00e0 la l\u00e9gislation andorrane en vigueur, notamment la nouvelle Loi 29\/2021, du 28 octobre, sur la Protection des Donn\u00e9es \u00e0 Caract\u00e8re Personnel (LQPD), et le D\u00e9cret 391\/2022, du 28-9-2022, approuvant le R\u00e8glement d&rsquo;application de la Loi 29\/2021, RR MEDIADORS INTERNACIONALS, S.L. vous informe que vos donn\u00e9es \u00e0 caract\u00e8re personnel, recueillies par le biais de la pr\u00e9sente, seront trait\u00e9es par le Responsable du Traitement, dont les coordonn\u00e9es sont les suivantes :<\/p><p><strong>RR MEDIADORS INTERNACIONALS, S.L.<\/strong><br \/><strong>NRT: L-715693-K<\/strong><br \/><strong>79 Route du Coll d&rsquo;Ordino \u00b7 AD300 \u00b7 Ordino \u00b7 Andorra<\/strong><br \/><strong>\u00c9d. Mirador de Casamanya \u00b7 Bloc 2 \u00b7 Esc. A \u00b7 Pl. -3 \u00b7 Pt. 5<\/strong><br \/><strong>T\u00e9l. (+376) 632 646 \u00b7 (+376) 622 646 \u00b7 Fax (+376) 863 443<\/strong><br \/><strong>E-mail: info@RRmediadors.com<\/strong><\/p><p>Vos donn\u00e9es personnelles seront trait\u00e9es afin de g\u00e9rer notre relation et de vous fournir nos services professionnels, dont les utilisations seront : la gestion administrative, la facturation, la comptabilit\u00e9, les statistiques, la fid\u00e9lisation et la satisfaction \u00e0 l&rsquo;\u00e9gard de nos services. Nous pouvons vous contacter par e-mail ou par t\u00e9l\u00e9phone, sur la base des donn\u00e9es que vous nous avez fournies.<\/p><p>La base juridique du traitement de vos donn\u00e9es personnelles est fond\u00e9e sur notre relation pour la fourniture de nos services et sur votre consentement expr\u00e8s accord\u00e9 par l&rsquo;acceptation de cette clause.<\/p><p>Le responsable du traitement vous informe que le traitement des donn\u00e9es n&rsquo;implique pas de d\u00e9cisions automatis\u00e9es, ni la cr\u00e9ation de profils dans le but de pr\u00e9dire des pr\u00e9f\u00e9rences, des comportements ou des attitudes personnelles.<\/p><p>Vos donn\u00e9es ne seront pas divulgu\u00e9es \u00e0 d&rsquo;autres contr\u00f4leurs de donn\u00e9es nationaux et\/ou internationaux, sauf dans les cas o\u00f9 il existe une obligation l\u00e9gale de le faire. Si nous devons transf\u00e9rer vos donn\u00e9es, nous vous demanderons votre consentement explicite.<\/p><p>Vos donn\u00e9es seront conserv\u00e9es pendant la dur\u00e9e de notre relation. Une fois \u00e9coul\u00e9s les d\u00e9lais de conservation l\u00e9gaux maximaux, vos donn\u00e9es seront supprim\u00e9es.<\/p><p>En tout \u00e9tat de cause, vous pouvez exercer vos droits d&rsquo;acc\u00e8s, de rectification, d&rsquo;opposition, d&rsquo;effacement, de limitation et de portabilit\u00e9, ainsi que votre d\u00e9cision de ne pas faire l&rsquo;objet de d\u00e9cisions individuelles automatis\u00e9es, en contactant le responsable du traitement des donn\u00e9es par courrier \u00e9lectronique : info@RRmediadors.com.<\/p><p>De m\u00eame, si vous n&rsquo;\u00eates pas en mesure d&rsquo;exercer vos droits \u00e0 l&rsquo;encontre du contr\u00f4leur des donn\u00e9es, vous avez le droit d&rsquo;adresser votre plainte \u00e0 l&rsquo;Agence andorrane de protection des donn\u00e9es (APDA).<\/p>\t\t\t\t\t\t\t\t<\/div>\n\t\t\t\t<\/div>\n\t\t\t\t\t<\/div>\n\t\t\t\t<\/div>\n\t\t\t\t<\/div>\n\t\t","protected":false},"excerpt":{"rendered":"<p>Politique de Confidentialit\u00e9 Conform\u00e9ment \u00e0 la l\u00e9gislation andorrane en vigueur, notamment la nouvelle Loi 29\/2021, du 28 octobre, sur la Protection des Donn\u00e9es \u00e0 Caract\u00e8re Personnel (LQPD), et le D\u00e9cret 391\/2022, du 28-9-2022, approuvant le R\u00e8glement d&rsquo;application de la Loi 29\/2021, RR MEDIADORS INTERNACIONALS, S.L. vous informe que vos donn\u00e9es \u00e0 caract\u00e8re personnel, recueillies par [&hellip;]<\/p>\n","protected":false},"author":3,"featured_media":0,"parent":0,"menu_order":0,"comment_status":"closed","ping_status":"closed","template":"elementor_header_footer","meta":{"footnotes":""},"class_list":["post-6224","page","type-page","status-publish","hentry"],"yoast_head":"<!-- This site is optimized with the Yoast SEO plugin v27.2 - https:\/\/yoast.com\/product\/yoast-seo-wordpress\/ -->\n<title>Politique de Confidentialit\u00e9 - RR MEDIADORS INTERNACIONALS<\/title>\n<meta name=\"robots\" content=\"index, follow, max-snippet:-1, max-image-preview:large, max-video-preview:-1\" \/>\n<link rel=\"canonical\" href=\"https:\/\/rrmediadors.com\/fr\/politique-de-confidentialite\/\" \/>\n<meta property=\"og:locale\" content=\"fr_FR\" \/>\n<meta property=\"og:type\" content=\"article\" \/>\n<meta property=\"og:title\" content=\"Politique de Confidentialit\u00e9 - RR MEDIADORS INTERNACIONALS\" \/>\n<meta property=\"og:description\" content=\"Politique de Confidentialit\u00e9 Conform\u00e9ment \u00e0 la l\u00e9gislation andorrane en vigueur, notamment la nouvelle Loi 29\/2021, du 28 octobre, sur la Protection des Donn\u00e9es \u00e0 Caract\u00e8re Personnel (LQPD), et le D\u00e9cret 391\/2022, du 28-9-2022, approuvant le R\u00e8glement d&rsquo;application de la Loi 29\/2021, RR MEDIADORS INTERNACIONALS, S.L. vous informe que vos donn\u00e9es \u00e0 caract\u00e8re personnel, recueillies par [&hellip;]\" \/>\n<meta property=\"og:url\" content=\"https:\/\/rrmediadors.com\/fr\/politique-de-confidentialite\/\" \/>\n<meta property=\"og:site_name\" content=\"RR MEDIADORS INTERNACIONALS\" \/>\n<meta property=\"article:modified_time\" content=\"2025-07-23T15:01:34+00:00\" \/>\n<meta property=\"og:image\" content=\"https:\/\/rrmediadors.com\/wp-content\/uploads\/2025\/06\/WhatsApp-Image-2025-03-26-at-22.41.17.jpeg\" \/>\n\t<meta property=\"og:image:width\" content=\"1380\" \/>\n\t<meta property=\"og:image:height\" content=\"552\" \/>\n\t<meta property=\"og:image:type\" content=\"image\/jpeg\" \/>\n<meta name=\"twitter:card\" content=\"summary_large_image\" \/>\n<meta name=\"twitter:label1\" content=\"Dur\u00e9e de lecture estim\u00e9e\" \/>\n\t<meta name=\"twitter:data1\" content=\"2 minutes\" \/>\n<script type=\"application\/ld+json\" class=\"yoast-schema-graph\">{\"@context\":\"https:\/\/schema.org\",\"@graph\":[{\"@type\":\"WebPage\",\"@id\":\"https:\/\/rrmediadors.com\/fr\/politique-de-confidentialite\/\",\"url\":\"https:\/\/rrmediadors.com\/fr\/politique-de-confidentialite\/\",\"name\":\"Politique de Confidentialit\u00e9 - RR MEDIADORS INTERNACIONALS\",\"isPartOf\":{\"@id\":\"https:\/\/rrmediadors.com\/fr\/#website\"},\"datePublished\":\"2025-06-26T16:45:18+00:00\",\"dateModified\":\"2025-07-23T15:01:34+00:00\",\"breadcrumb\":{\"@id\":\"https:\/\/rrmediadors.com\/fr\/politique-de-confidentialite\/#breadcrumb\"},\"inLanguage\":\"fr-FR\",\"potentialAction\":[{\"@type\":\"ReadAction\",\"target\":[\"https:\/\/rrmediadors.com\/fr\/politique-de-confidentialite\/\"]}]},{\"@type\":\"BreadcrumbList\",\"@id\":\"https:\/\/rrmediadors.com\/fr\/politique-de-confidentialite\/#breadcrumb\",\"itemListElement\":[{\"@type\":\"ListItem\",\"position\":1,\"name\":\"Portada\",\"item\":\"https:\/\/rrmediadors.com\/fr\/\"},{\"@type\":\"ListItem\",\"position\":2,\"name\":\"Politique de Confidentialit\u00e9\"}]},{\"@type\":\"WebSite\",\"@id\":\"https:\/\/rrmediadors.com\/fr\/#website\",\"url\":\"https:\/\/rrmediadors.com\/fr\/\",\"name\":\"RR MEDIADORS INTERNACIONALS\",\"description\":\"\u00c1rbitros \u00b7 Mediadores \u00b7 Conciliadores \u00b7 Peritos \u00b7 Gestores\",\"publisher\":{\"@id\":\"https:\/\/rrmediadors.com\/fr\/#organization\"},\"potentialAction\":[{\"@type\":\"SearchAction\",\"target\":{\"@type\":\"EntryPoint\",\"urlTemplate\":\"https:\/\/rrmediadors.com\/fr\/?s={search_term_string}\"},\"query-input\":{\"@type\":\"PropertyValueSpecification\",\"valueRequired\":true,\"valueName\":\"search_term_string\"}}],\"inLanguage\":\"fr-FR\"},{\"@type\":\"Organization\",\"@id\":\"https:\/\/rrmediadors.com\/fr\/#organization\",\"name\":\"RR MEDIADORS INTERNACIONALS\",\"url\":\"https:\/\/rrmediadors.com\/fr\/\",\"logo\":{\"@type\":\"ImageObject\",\"inLanguage\":\"fr-FR\",\"@id\":\"https:\/\/rrmediadors.com\/fr\/#\/schema\/logo\/image\/\",\"url\":\"https:\/\/rrmediadors.com\/wp-content\/uploads\/2025\/06\/logo-rr-mediadiors-internacionals-1.png\",\"contentUrl\":\"https:\/\/rrmediadors.com\/wp-content\/uploads\/2025\/06\/logo-rr-mediadiors-internacionals-1.png\",\"width\":1010,\"height\":275,\"caption\":\"RR MEDIADORS INTERNACIONALS\"},\"image\":{\"@id\":\"https:\/\/rrmediadors.com\/fr\/#\/schema\/logo\/image\/\"}}]}<\/script>\n<!-- \/ Yoast SEO plugin. -->","yoast_head_json":{"title":"Politique de Confidentialit\u00e9 - RR MEDIADORS INTERNACIONALS","robots":{"index":"index","follow":"follow","max-snippet":"max-snippet:-1","max-image-preview":"max-image-preview:large","max-video-preview":"max-video-preview:-1"},"canonical":"https:\/\/rrmediadors.com\/fr\/politique-de-confidentialite\/","og_locale":"fr_FR","og_type":"article","og_title":"Politique de Confidentialit\u00e9 - RR MEDIADORS INTERNACIONALS","og_description":"Politique de Confidentialit\u00e9 Conform\u00e9ment \u00e0 la l\u00e9gislation andorrane en vigueur, notamment la nouvelle Loi 29\/2021, du 28 octobre, sur la Protection des Donn\u00e9es \u00e0 Caract\u00e8re Personnel (LQPD), et le D\u00e9cret 391\/2022, du 28-9-2022, approuvant le R\u00e8glement d&rsquo;application de la Loi 29\/2021, RR MEDIADORS INTERNACIONALS, S.L. vous informe que vos donn\u00e9es \u00e0 caract\u00e8re personnel, recueillies par [&hellip;]","og_url":"https:\/\/rrmediadors.com\/fr\/politique-de-confidentialite\/","og_site_name":"RR MEDIADORS INTERNACIONALS","article_modified_time":"2025-07-23T15:01:34+00:00","og_image":[{"width":1380,"height":552,"url":"https:\/\/rrmediadors.com\/wp-content\/uploads\/2025\/06\/WhatsApp-Image-2025-03-26-at-22.41.17.jpeg","type":"image\/jpeg"}],"twitter_card":"summary_large_image","twitter_misc":{"Dur\u00e9e de lecture estim\u00e9e":"2 minutes"},"schema":{"@context":"https:\/\/schema.org","@graph":[{"@type":"WebPage","@id":"https:\/\/rrmediadors.com\/fr\/politique-de-confidentialite\/","url":"https:\/\/rrmediadors.com\/fr\/politique-de-confidentialite\/","name":"Politique de Confidentialit\u00e9 - RR MEDIADORS INTERNACIONALS","isPartOf":{"@id":"https:\/\/rrmediadors.com\/fr\/#website"},"datePublished":"2025-06-26T16:45:18+00:00","dateModified":"2025-07-23T15:01:34+00:00","breadcrumb":{"@id":"https:\/\/rrmediadors.com\/fr\/politique-de-confidentialite\/#breadcrumb"},"inLanguage":"fr-FR","potentialAction":[{"@type":"ReadAction","target":["https:\/\/rrmediadors.com\/fr\/politique-de-confidentialite\/"]}]},{"@type":"BreadcrumbList","@id":"https:\/\/rrmediadors.com\/fr\/politique-de-confidentialite\/#breadcrumb","itemListElement":[{"@type":"ListItem","position":1,"name":"Portada","item":"https:\/\/rrmediadors.com\/fr\/"},{"@type":"ListItem","position":2,"name":"Politique de Confidentialit\u00e9"}]},{"@type":"WebSite","@id":"https:\/\/rrmediadors.com\/fr\/#website","url":"https:\/\/rrmediadors.com\/fr\/","name":"RR MEDIADORS INTERNACIONALS","description":"\u00c1rbitros \u00b7 Mediadores \u00b7 Conciliadores \u00b7 Peritos \u00b7 Gestores","publisher":{"@id":"https:\/\/rrmediadors.com\/fr\/#organization"},"potentialAction":[{"@type":"SearchAction","target":{"@type":"EntryPoint","urlTemplate":"https:\/\/rrmediadors.com\/fr\/?s={search_term_string}"},"query-input":{"@type":"PropertyValueSpecification","valueRequired":true,"valueName":"search_term_string"}}],"inLanguage":"fr-FR"},{"@type":"Organization","@id":"https:\/\/rrmediadors.com\/fr\/#organization","name":"RR MEDIADORS INTERNACIONALS","url":"https:\/\/rrmediadors.com\/fr\/","logo":{"@type":"ImageObject","inLanguage":"fr-FR","@id":"https:\/\/rrmediadors.com\/fr\/#\/schema\/logo\/image\/","url":"https:\/\/rrmediadors.com\/wp-content\/uploads\/2025\/06\/logo-rr-mediadiors-internacionals-1.png","contentUrl":"https:\/\/rrmediadors.com\/wp-content\/uploads\/2025\/06\/logo-rr-mediadiors-internacionals-1.png","width":1010,"height":275,"caption":"RR MEDIADORS INTERNACIONALS"},"image":{"@id":"https:\/\/rrmediadors.com\/fr\/#\/schema\/logo\/image\/"}}]}},"_links":{"self":[{"href":"https:\/\/rrmediadors.com\/fr\/wp-json\/wp\/v2\/pages\/6224","targetHints":{"allow":["GET"]}}],"collection":[{"href":"https:\/\/rrmediadors.com\/fr\/wp-json\/wp\/v2\/pages"}],"about":[{"href":"https:\/\/rrmediadors.com\/fr\/wp-json\/wp\/v2\/types\/page"}],"author":[{"embeddable":true,"href":"https:\/\/rrmediadors.com\/fr\/wp-json\/wp\/v2\/users\/3"}],"replies":[{"embeddable":true,"href":"https:\/\/rrmediadors.com\/fr\/wp-json\/wp\/v2\/comments?post=6224"}],"version-history":[{"count":0,"href":"https:\/\/rrmediadors.com\/fr\/wp-json\/wp\/v2\/pages\/6224\/revisions"}],"wp:attachment":[{"href":"https:\/\/rrmediadors.com\/fr\/wp-json\/wp\/v2\/media?parent=6224"}],"curies":[{"name":"wp","href":"https:\/\/api.w.org\/{rel}","templated":true}]}}